{"id":26,"date":"2021-02-22T19:01:11","date_gmt":"2021-02-22T19:01:11","guid":{"rendered":"http:\/\/albertobouzon.fotoentusiasta.es\/personal\/?page_id=26"},"modified":"2021-02-22T19:01:11","modified_gmt":"2021-02-22T19:01:11","slug":"fotosdehuelva-es","status":"publish","type":"page","link":"http:\/\/albertobouzon.fotoentusiasta.es\/personal\/index.php\/fotosdehuelva-es\/","title":{"rendered":"Fotosdehuelva.es"},"content":{"rendered":"\n<p>Uno proyecto exclusivamente fotogr\u00e1fico donde poner a disposici\u00f3n del p\u00fablico mi amplia obra fotogr\u00e1fica recorriendo la provincia de Huelva.<\/p>\n\n\n\n<!--more-->\n\n\n\n<p><a href=\"http:\/\/fotosdehuelva.es\" target=\"_blank\" rel=\"noreferrer noopener\">http:\/\/fotosdehuelva.es<\/a><\/p>\n\n\n\n<figure class=\"wp-block-image size-large\"><img loading=\"lazy\" decoding=\"async\" width=\"1024\" height=\"525\" data-attachment-id=\"27\" data-permalink=\"http:\/\/albertobouzon.fotoentusiasta.es\/personal\/index.php\/fotosdehuelva-es\/captura-de-pantalla-2020-01-21-a-las-12-59-43-1024x525-1\/\" data-orig-file=\"http:\/\/albertobouzon.fotoentusiasta.es\/personal\/wp-content\/uploads\/2021\/02\/Captura-de-pantalla-2020-01-21-a-las-12.59.43-1024x525-1.png\" data-orig-size=\"1024,525\" data-comments-opened=\"1\" data-image-meta=\"{&quot;aperture&quot;:&quot;0&quot;,&quot;credit&quot;:&quot;&quot;,&quot;camera&quot;:&quot;&quot;,&quot;caption&quot;:&quot;&quot;,&quot;created_timestamp&quot;:&quot;0&quot;,&quot;copyright&quot;:&quot;&quot;,&quot;focal_length&quot;:&quot;0&quot;,&quot;iso&quot;:&quot;0&quot;,&quot;shutter_speed&quot;:&quot;0&quot;,&quot;title&quot;:&quot;&quot;,&quot;orientation&quot;:&quot;0&quot;}\" data-image-title=\"Captura-de-pantalla-2020-01-21-a-las-12.59.43-1024&amp;#215;525-1\" data-image-description=\"\" data-medium-file=\"http:\/\/albertobouzon.fotoentusiasta.es\/personal\/wp-content\/uploads\/2021\/02\/Captura-de-pantalla-2020-01-21-a-las-12.59.43-1024x525-1-300x154.png\" data-large-file=\"http:\/\/albertobouzon.fotoentusiasta.es\/personal\/wp-content\/uploads\/2021\/02\/Captura-de-pantalla-2020-01-21-a-las-12.59.43-1024x525-1.png\" src=\"http:\/\/albertobouzon.fotoentusiasta.es\/personal\/wp-content\/uploads\/2021\/02\/Captura-de-pantalla-2020-01-21-a-las-12.59.43-1024x525-1.png\" alt=\"\" class=\"wp-image-27\" srcset=\"http:\/\/albertobouzon.fotoentusiasta.es\/personal\/wp-content\/uploads\/2021\/02\/Captura-de-pantalla-2020-01-21-a-las-12.59.43-1024x525-1.png 1024w, http:\/\/albertobouzon.fotoentusiasta.es\/personal\/wp-content\/uploads\/2021\/02\/Captura-de-pantalla-2020-01-21-a-las-12.59.43-1024x525-1-300x154.png 300w, http:\/\/albertobouzon.fotoentusiasta.es\/personal\/wp-content\/uploads\/2021\/02\/Captura-de-pantalla-2020-01-21-a-las-12.59.43-1024x525-1-768x394.png 768w, http:\/\/albertobouzon.fotoentusiasta.es\/personal\/wp-content\/uploads\/2021\/02\/Captura-de-pantalla-2020-01-21-a-las-12.59.43-1024x525-1-117x60.png 117w\" sizes=\"auto, (max-width: 1024px) 100vw, 1024px\" \/><\/figure>\n\n\n\n<figure class=\"wp-block-image size-large\"><img loading=\"lazy\" decoding=\"async\" width=\"1024\" height=\"530\" data-attachment-id=\"28\" data-permalink=\"http:\/\/albertobouzon.fotoentusiasta.es\/personal\/index.php\/fotosdehuelva-es\/captura-de-pantalla-2020-01-21-a-las-13-08-52-1024x530-1\/\" data-orig-file=\"http:\/\/albertobouzon.fotoentusiasta.es\/personal\/wp-content\/uploads\/2021\/02\/Captura-de-pantalla-2020-01-21-a-las-13.08.52-1024x530-1.png\" data-orig-size=\"1024,530\" data-comments-opened=\"1\" data-image-meta=\"{&quot;aperture&quot;:&quot;0&quot;,&quot;credit&quot;:&quot;&quot;,&quot;camera&quot;:&quot;&quot;,&quot;caption&quot;:&quot;&quot;,&quot;created_timestamp&quot;:&quot;0&quot;,&quot;copyright&quot;:&quot;&quot;,&quot;focal_length&quot;:&quot;0&quot;,&quot;iso&quot;:&quot;0&quot;,&quot;shutter_speed&quot;:&quot;0&quot;,&quot;title&quot;:&quot;&quot;,&quot;orientation&quot;:&quot;0&quot;}\" data-image-title=\"Captura-de-pantalla-2020-01-21-a-las-13.08.52-1024&amp;#215;530-1\" data-image-description=\"\" data-medium-file=\"http:\/\/albertobouzon.fotoentusiasta.es\/personal\/wp-content\/uploads\/2021\/02\/Captura-de-pantalla-2020-01-21-a-las-13.08.52-1024x530-1-300x155.png\" data-large-file=\"http:\/\/albertobouzon.fotoentusiasta.es\/personal\/wp-content\/uploads\/2021\/02\/Captura-de-pantalla-2020-01-21-a-las-13.08.52-1024x530-1.png\" src=\"http:\/\/albertobouzon.fotoentusiasta.es\/personal\/wp-content\/uploads\/2021\/02\/Captura-de-pantalla-2020-01-21-a-las-13.08.52-1024x530-1.png\" alt=\"\" class=\"wp-image-28\" srcset=\"http:\/\/albertobouzon.fotoentusiasta.es\/personal\/wp-content\/uploads\/2021\/02\/Captura-de-pantalla-2020-01-21-a-las-13.08.52-1024x530-1.png 1024w, http:\/\/albertobouzon.fotoentusiasta.es\/personal\/wp-content\/uploads\/2021\/02\/Captura-de-pantalla-2020-01-21-a-las-13.08.52-1024x530-1-300x155.png 300w, http:\/\/albertobouzon.fotoentusiasta.es\/personal\/wp-content\/uploads\/2021\/02\/Captura-de-pantalla-2020-01-21-a-las-13.08.52-1024x530-1-768x398.png 768w, http:\/\/albertobouzon.fotoentusiasta.es\/personal\/wp-content\/uploads\/2021\/02\/Captura-de-pantalla-2020-01-21-a-las-13.08.52-1024x530-1-116x60.png 116w\" sizes=\"auto, (max-width: 1024px) 100vw, 1024px\" \/><\/figure>\n\n\n\n<p>Es proyecto, en forma de P\u00e1gina Web donde se podr\u00e1 hacer b\u00fasquedas por t\u00e9rminos municipales, palabras claves e incluso a trav\u00e9s de un mapa interactivo, pondr\u00e1 de la mano del espectador un amplia colecci\u00f3n de \u00e1lbumes fotogr\u00e1ficos de nuestra tierra.<\/p>\n\n\n\n<p>Todas las fotos est\u00e1n protegidas por los derechos de autor internacionales pero podr\u00e1n usarse mediante un consentimiento por escrito bajo un contrato de cesi\u00f3n de uso exclusivo.<\/p>\n\n\n\n<figure class=\"wp-block-image size-large\"><img loading=\"lazy\" decoding=\"async\" width=\"1000\" height=\"588\" data-attachment-id=\"29\" data-permalink=\"http:\/\/albertobouzon.fotoentusiasta.es\/personal\/index.php\/fotosdehuelva-es\/captura-de-pantalla-2020-01-21-a-las-13-10\/\" data-orig-file=\"http:\/\/albertobouzon.fotoentusiasta.es\/personal\/wp-content\/uploads\/2021\/02\/Captura-de-pantalla-2020-01-21-a-las-13.10.jpg\" data-orig-size=\"1000,588\" data-comments-opened=\"1\" data-image-meta=\"{&quot;aperture&quot;:&quot;0&quot;,&quot;credit&quot;:&quot;&quot;,&quot;camera&quot;:&quot;&quot;,&quot;caption&quot;:&quot;&quot;,&quot;created_timestamp&quot;:&quot;0&quot;,&quot;copyright&quot;:&quot;&quot;,&quot;focal_length&quot;:&quot;0&quot;,&quot;iso&quot;:&quot;0&quot;,&quot;shutter_speed&quot;:&quot;0&quot;,&quot;title&quot;:&quot;&quot;,&quot;orientation&quot;:&quot;0&quot;}\" data-image-title=\"Captura-de-pantalla-2020-01-21-a-las-13.10\" data-image-description=\"\" data-medium-file=\"http:\/\/albertobouzon.fotoentusiasta.es\/personal\/wp-content\/uploads\/2021\/02\/Captura-de-pantalla-2020-01-21-a-las-13.10-300x176.jpg\" data-large-file=\"http:\/\/albertobouzon.fotoentusiasta.es\/personal\/wp-content\/uploads\/2021\/02\/Captura-de-pantalla-2020-01-21-a-las-13.10.jpg\" src=\"http:\/\/albertobouzon.fotoentusiasta.es\/personal\/wp-content\/uploads\/2021\/02\/Captura-de-pantalla-2020-01-21-a-las-13.10.jpg\" alt=\"\" class=\"wp-image-29\" srcset=\"http:\/\/albertobouzon.fotoentusiasta.es\/personal\/wp-content\/uploads\/2021\/02\/Captura-de-pantalla-2020-01-21-a-las-13.10.jpg 1000w, http:\/\/albertobouzon.fotoentusiasta.es\/personal\/wp-content\/uploads\/2021\/02\/Captura-de-pantalla-2020-01-21-a-las-13.10-300x176.jpg 300w, http:\/\/albertobouzon.fotoentusiasta.es\/personal\/wp-content\/uploads\/2021\/02\/Captura-de-pantalla-2020-01-21-a-las-13.10-768x452.jpg 768w, http:\/\/albertobouzon.fotoentusiasta.es\/personal\/wp-content\/uploads\/2021\/02\/Captura-de-pantalla-2020-01-21-a-las-13.10-102x60.jpg 102w\" sizes=\"auto, (max-width: 1000px) 100vw, 1000px\" \/><\/figure>\n\n\n\n<figure class=\"wp-block-image size-large\"><img loading=\"lazy\" decoding=\"async\" width=\"1000\" height=\"516\" data-attachment-id=\"30\" data-permalink=\"http:\/\/albertobouzon.fotoentusiasta.es\/personal\/index.php\/fotosdehuelva-es\/captura-de-pantalla-2020-01-21-a-las-13-09\/\" data-orig-file=\"http:\/\/albertobouzon.fotoentusiasta.es\/personal\/wp-content\/uploads\/2021\/02\/Captura-de-pantalla-2020-01-21-a-las-13.09.jpg\" data-orig-size=\"1000,516\" data-comments-opened=\"1\" data-image-meta=\"{&quot;aperture&quot;:&quot;0&quot;,&quot;credit&quot;:&quot;&quot;,&quot;camera&quot;:&quot;&quot;,&quot;caption&quot;:&quot;&quot;,&quot;created_timestamp&quot;:&quot;0&quot;,&quot;copyright&quot;:&quot;&quot;,&quot;focal_length&quot;:&quot;0&quot;,&quot;iso&quot;:&quot;0&quot;,&quot;shutter_speed&quot;:&quot;0&quot;,&quot;title&quot;:&quot;&quot;,&quot;orientation&quot;:&quot;0&quot;}\" data-image-title=\"Captura-de-pantalla-2020-01-21-a-las-13.09\" data-image-description=\"\" data-medium-file=\"http:\/\/albertobouzon.fotoentusiasta.es\/personal\/wp-content\/uploads\/2021\/02\/Captura-de-pantalla-2020-01-21-a-las-13.09-300x155.jpg\" data-large-file=\"http:\/\/albertobouzon.fotoentusiasta.es\/personal\/wp-content\/uploads\/2021\/02\/Captura-de-pantalla-2020-01-21-a-las-13.09.jpg\" src=\"http:\/\/albertobouzon.fotoentusiasta.es\/personal\/wp-content\/uploads\/2021\/02\/Captura-de-pantalla-2020-01-21-a-las-13.09.jpg\" alt=\"\" class=\"wp-image-30\" srcset=\"http:\/\/albertobouzon.fotoentusiasta.es\/personal\/wp-content\/uploads\/2021\/02\/Captura-de-pantalla-2020-01-21-a-las-13.09.jpg 1000w, http:\/\/albertobouzon.fotoentusiasta.es\/personal\/wp-content\/uploads\/2021\/02\/Captura-de-pantalla-2020-01-21-a-las-13.09-300x155.jpg 300w, http:\/\/albertobouzon.fotoentusiasta.es\/personal\/wp-content\/uploads\/2021\/02\/Captura-de-pantalla-2020-01-21-a-las-13.09-768x396.jpg 768w, http:\/\/albertobouzon.fotoentusiasta.es\/personal\/wp-content\/uploads\/2021\/02\/Captura-de-pantalla-2020-01-21-a-las-13.09-116x60.jpg 116w\" sizes=\"auto, (max-width: 1000px) 100vw, 1000px\" \/><\/figure>\n","protected":false},"excerpt":{"rendered":"<p>Uno proyecto exclusivamente fotogr\u00e1fico donde poner a disposici\u00f3n del p\u00fablico mi amplia obra fotogr\u00e1fica recorriendo la provincia de Huelva.<\/p>\n","protected":false},"author":1,"featured_media":31,"parent":0,"menu_order":0,"comment_status":"closed","ping_status":"closed","template":"","meta":{"spay_email":"","footnotes":""},"class_list":["post-26","page","type-page","status-publish","has-post-thumbnail","hentry"],"_links":{"self":[{"href":"http:\/\/albertobouzon.fotoentusiasta.es\/personal\/index.php\/wp-json\/wp\/v2\/pages\/26","targetHints":{"allow":["GET"]}}],"collection":[{"href":"http:\/\/albertobouzon.fotoentusiasta.es\/personal\/index.php\/wp-json\/wp\/v2\/pages"}],"about":[{"href":"http:\/\/albertobouzon.fotoentusiasta.es\/personal\/index.php\/wp-json\/wp\/v2\/types\/page"}],"author":[{"embeddable":true,"href":"http:\/\/albertobouzon.fotoentusiasta.es\/personal\/index.php\/wp-json\/wp\/v2\/users\/1"}],"replies":[{"embeddable":true,"href":"http:\/\/albertobouzon.fotoentusiasta.es\/personal\/index.php\/wp-json\/wp\/v2\/comments?post=26"}],"version-history":[{"count":1,"href":"http:\/\/albertobouzon.fotoentusiasta.es\/personal\/index.php\/wp-json\/wp\/v2\/pages\/26\/revisions"}],"predecessor-version":[{"id":32,"href":"http:\/\/albertobouzon.fotoentusiasta.es\/personal\/index.php\/wp-json\/wp\/v2\/pages\/26\/revisions\/32"}],"wp:featuredmedia":[{"embeddable":true,"href":"http:\/\/albertobouzon.fotoentusiasta.es\/personal\/index.php\/wp-json\/wp\/v2\/media\/31"}],"wp:attachment":[{"href":"http:\/\/albertobouzon.fotoentusiasta.es\/personal\/index.php\/wp-json\/wp\/v2\/media?parent=26"}],"curies":[{"name":"wp","href":"https:\/\/api.w.org\/{rel}","templated":true}]}}